{"id":511,"date":"2022-06-09T16:58:16","date_gmt":"2022-06-09T16:58:16","guid":{"rendered":"https:\/\/www.loweheiser.com\/?page_id=511"},"modified":"2022-06-09T17:05:50","modified_gmt":"2022-06-09T17:05:50","slug":"efi-ebook","status":"publish","type":"page","link":"https:\/\/www.loweheiser.com\/fr\/efi-ebook\/","title":{"rendered":"t\u00e9l\u00e9charger le livre \u00e9lectronique gratuit L\u00f6weheiser"},"content":{"rendered":"<div data-elementor-type=\"wp-page\" data-elementor-id=\"511\" class=\"elementor elementor-511\">\n\t\t\t\t\t\t<section class=\"elementor-section elementor-top-section elementor-element elementor-element-ccbbc35 elementor-section-boxed elementor-section-height-default elementor-section-height-default\" data-id=\"ccbbc35\" data-element_type=\"section\">\n\t\t\t\t\t\t<div class=\"elementor-container elementor-column-gap-default\">\n\t\t\t\t\t<div class=\"elementor-column elementor-col-100 elementor-top-column elementor-element elementor-element-aef364f\" data-id=\"aef364f\" data-element_type=\"column\">\n\t\t\t<div class=\"elementor-widget-wrap elementor-element-populated\">\n\t\t\t\t\t\t<div class=\"elementor-element elementor-element-29dc655 elementor-widget elementor-widget-spacer\" data-id=\"29dc655\" data-element_type=\"widget\" data-widget_type=\"spacer.default\">\n\t\t\t\t<div class=\"elementor-widget-container\">\n\t\t\t\t\t<div class=\"elementor-spacer\">\n\t\t\t<div class=\"elementor-spacer-inner\"><\/div>\n\t\t<\/div>\n\t\t\t\t<\/div>\n\t\t\t\t<\/div>\n\t\t\t\t<div class=\"elementor-element elementor-element-9e12a56 elementor-widget elementor-widget-heading\" data-id=\"9e12a56\" data-element_type=\"widget\" data-widget_type=\"heading.default\">\n\t\t\t\t<div class=\"elementor-widget-container\">\n\t\t\t<h1 class=\"elementor-heading-title elementor-size-default\">T\u00e9l\u00e9chargez l&#039;eBook gratuit<\/h1>\t\t<\/div>\n\t\t\t\t<\/div>\n\t\t\t\t<div class=\"elementor-element elementor-element-a3a79ee elementor-widget elementor-widget-heading\" data-id=\"a3a79ee\" data-element_type=\"widget\" data-widget_type=\"heading.default\">\n\t\t\t\t<div class=\"elementor-widget-container\">\n\t\t\t<h2 class=\"elementor-heading-title elementor-size-default\">EFI pour les petits moteurs de drones<\/h2>\t\t<\/div>\n\t\t\t\t<\/div>\n\t\t\t\t<div class=\"elementor-element elementor-element-3061b42 elementor-widget elementor-widget-spacer\" data-id=\"3061b42\" data-element_type=\"widget\" data-widget_type=\"spacer.default\">\n\t\t\t\t<div class=\"elementor-widget-container\">\n\t\t\t\t\t<div class=\"elementor-spacer\">\n\t\t\t<div class=\"elementor-spacer-inner\"><\/div>\n\t\t<\/div>\n\t\t\t\t<\/div>\n\t\t\t\t<\/div>\n\t\t\t\t\t<\/div>\n\t\t<\/div>\n\t\t\t\t\t<\/div>\n\t\t<\/section>\n\t\t\t\t<section class=\"elementor-section elementor-top-section elementor-element elementor-element-df9e77c elementor-section-boxed elementor-section-height-default elementor-section-height-default\" data-id=\"df9e77c\" data-element_type=\"section\" data-settings=\"{&quot;background_background&quot;:&quot;classic&quot;}\">\n\t\t\t\t\t\t<div class=\"elementor-container elementor-column-gap-default\">\n\t\t\t\t\t<div class=\"elementor-column elementor-col-100 elementor-top-column elementor-element elementor-element-52e8c85\" data-id=\"52e8c85\" data-element_type=\"column\">\n\t\t\t<div class=\"elementor-widget-wrap elementor-element-populated\">\n\t\t\t\t\t\t<div class=\"elementor-element elementor-element-f1f9e11 elementor-widget elementor-widget-spacer\" data-id=\"f1f9e11\" data-element_type=\"widget\" data-widget_type=\"spacer.default\">\n\t\t\t\t<div class=\"elementor-widget-container\">\n\t\t\t\t\t<div class=\"elementor-spacer\">\n\t\t\t<div class=\"elementor-spacer-inner\"><\/div>\n\t\t<\/div>\n\t\t\t\t<\/div>\n\t\t\t\t<\/div>\n\t\t\t\t<div class=\"elementor-element elementor-element-ed98c20 elementor-widget elementor-widget-heading\" data-id=\"ed98c20\" data-element_type=\"widget\" data-widget_type=\"heading.default\">\n\t\t\t\t<div class=\"elementor-widget-container\">\n\t\t\t<h3 class=\"elementor-heading-title elementor-size-default\">Un outil simple pour d\u00e9buter avec les injections \u00e9lectroniques de carburant pour drones<\/h3>\t\t<\/div>\n\t\t\t\t<\/div>\n\t\t\t\t<div class=\"elementor-element elementor-element-2615d07 elementor-widget elementor-widget-spacer\" data-id=\"2615d07\" data-element_type=\"widget\" data-widget_type=\"spacer.default\">\n\t\t\t\t<div class=\"elementor-widget-container\">\n\t\t\t\t\t<div class=\"elementor-spacer\">\n\t\t\t<div class=\"elementor-spacer-inner\"><\/div>\n\t\t<\/div>\n\t\t\t\t<\/div>\n\t\t\t\t<\/div>\n\t\t\t\t\t<\/div>\n\t\t<\/div>\n\t\t\t\t\t<\/div>\n\t\t<\/section>\n\t\t\t\t<section class=\"elementor-section elementor-top-section elementor-element elementor-element-53f37f7 elementor-section-boxed elementor-section-height-default elementor-section-height-default\" data-id=\"53f37f7\" data-element_type=\"section\" data-settings=\"{&quot;background_background&quot;:&quot;classic&quot;}\">\n\t\t\t\t\t\t<div class=\"elementor-container elementor-column-gap-default\">\n\t\t\t\t\t<div class=\"elementor-column elementor-col-100 elementor-top-column elementor-element elementor-element-bff3b11\" data-id=\"bff3b11\" data-element_type=\"column\">\n\t\t\t<div class=\"elementor-widget-wrap elementor-element-populated\">\n\t\t\t\t\t\t<div class=\"elementor-element elementor-element-3b7e4e8 elementor-widget elementor-widget-spacer\" data-id=\"3b7e4e8\" data-element_type=\"widget\" data-widget_type=\"spacer.default\">\n\t\t\t\t<div class=\"elementor-widget-container\">\n\t\t\t\t\t<div class=\"elementor-spacer\">\n\t\t\t<div class=\"elementor-spacer-inner\"><\/div>\n\t\t<\/div>\n\t\t\t\t<\/div>\n\t\t\t\t<\/div>\n\t\t\t\t\t<\/div>\n\t\t<\/div>\n\t\t\t\t\t<\/div>\n\t\t<\/section>\n\t\t\t\t<section class=\"elementor-section elementor-top-section elementor-element elementor-element-fa62679 elementor-section-boxed elementor-section-height-default elementor-section-height-default\" data-id=\"fa62679\" data-element_type=\"section\" data-settings=\"{&quot;background_background&quot;:&quot;classic&quot;}\">\n\t\t\t\t\t\t<div class=\"elementor-container elementor-column-gap-default\">\n\t\t\t\t\t<div class=\"elementor-column elementor-col-50 elementor-top-column elementor-element elementor-element-b90326c\" data-id=\"b90326c\" data-element_type=\"column\">\n\t\t\t<div class=\"elementor-widget-wrap elementor-element-populated\">\n\t\t\t\t\t\t<div class=\"elementor-element elementor-element-d8af8a0 elementor-widget elementor-widget-image\" data-id=\"d8af8a0\" data-element_type=\"widget\" data-widget_type=\"image.default\">\n\t\t\t\t<div class=\"elementor-widget-container\">\n\t\t\t\t\t\t\t\t\t\t\t\t\t<img fetchpriority=\"high\" decoding=\"async\" width=\"433\" height=\"376\" src=\"https:\/\/www.loweheiser.com\/wp-content\/uploads\/ebook-2-433x376.png\" class=\"attachment-medium_large size-medium_large wp-image-255\" alt=\"Ebook EFI pour les moteurs de drones\" \/>\t\t\t\t\t\t\t\t\t\t\t\t\t<\/div>\n\t\t\t\t<\/div>\n\t\t\t\t\t<\/div>\n\t\t<\/div>\n\t\t\t\t<div class=\"elementor-column elementor-col-50 elementor-top-column elementor-element elementor-element-5b24f03\" data-id=\"5b24f03\" data-element_type=\"column\">\n\t\t\t<div class=\"elementor-widget-wrap elementor-element-populated\">\n\t\t\t\t\t\t<div class=\"elementor-element elementor-element-030011b elementor-widget elementor-widget-spacer\" data-id=\"030011b\" data-element_type=\"widget\" data-widget_type=\"spacer.default\">\n\t\t\t\t<div class=\"elementor-widget-container\">\n\t\t\t\t\t<div class=\"elementor-spacer\">\n\t\t\t<div class=\"elementor-spacer-inner\"><\/div>\n\t\t<\/div>\n\t\t\t\t<\/div>\n\t\t\t\t<\/div>\n\t\t\t\t<div class=\"elementor-element elementor-element-57183e6 elementor-widget elementor-widget-heading\" data-id=\"57183e6\" data-element_type=\"widget\" data-widget_type=\"heading.default\">\n\t\t\t\t<div class=\"elementor-widget-container\">\n\t\t\t<h2 class=\"elementor-heading-title elementor-size-default\">D\u00e9couvrez les informations cl\u00e9s sur les EFI<\/h2>\t\t<\/div>\n\t\t\t\t<\/div>\n\t\t\t\t<div class=\"elementor-element elementor-element-b17a95a elementor-widget elementor-widget-text-editor\" data-id=\"b17a95a\" data-element_type=\"widget\" data-widget_type=\"text-editor.default\">\n\t\t\t\t<div class=\"elementor-widget-container\">\n\t\t\t\t\t\t\t<p>Les bases pour comprendre le fonctionnement d&#039;une injection \u00e9lectronique de carburant, ses principaux composants, comment la r\u00e9gler et pourquoi elle constitue une bien meilleure option que les carburateurs pour avions sans pilote.<\/p>\t\t\t\t\t\t<\/div>\n\t\t\t\t<\/div>\n\t\t\t\t\t<\/div>\n\t\t<\/div>\n\t\t\t\t\t<\/div>\n\t\t<\/section>\n\t\t\t\t<section class=\"elementor-section elementor-top-section elementor-element elementor-element-47b7d8d elementor-section-boxed elementor-section-height-default elementor-section-height-default\" data-id=\"47b7d8d\" data-element_type=\"section\" data-settings=\"{&quot;background_background&quot;:&quot;classic&quot;}\">\n\t\t\t\t\t\t<div class=\"elementor-container elementor-column-gap-default\">\n\t\t\t\t\t<div class=\"elementor-column elementor-col-100 elementor-top-column elementor-element elementor-element-f2c53f6\" data-id=\"f2c53f6\" data-element_type=\"column\">\n\t\t\t<div class=\"elementor-widget-wrap elementor-element-populated\">\n\t\t\t\t\t\t<div class=\"elementor-element elementor-element-8366113 elementor-widget elementor-widget-spacer\" data-id=\"8366113\" data-element_type=\"widget\" data-widget_type=\"spacer.default\">\n\t\t\t\t<div class=\"elementor-widget-container\">\n\t\t\t\t\t<div class=\"elementor-spacer\">\n\t\t\t<div class=\"elementor-spacer-inner\"><\/div>\n\t\t<\/div>\n\t\t\t\t<\/div>\n\t\t\t\t<\/div>\n\t\t\t\t\t<\/div>\n\t\t<\/div>\n\t\t\t\t\t<\/div>\n\t\t<\/section>\n\t\t\t\t<section class=\"elementor-section elementor-top-section elementor-element elementor-element-4f9e042 elementor-section-boxed elementor-section-height-default elementor-section-height-default\" data-id=\"4f9e042\" data-element_type=\"section\" data-settings=\"{&quot;background_background&quot;:&quot;classic&quot;}\">\n\t\t\t\t\t\t<div class=\"elementor-container elementor-column-gap-default\">\n\t\t\t\t\t<div class=\"elementor-column elementor-col-100 elementor-top-column elementor-element elementor-element-cd8b8c1\" data-id=\"cd8b8c1\" data-element_type=\"column\">\n\t\t\t<div class=\"elementor-widget-wrap elementor-element-populated\">\n\t\t\t\t\t\t<div class=\"elementor-element elementor-element-4ee026f elementor-widget elementor-widget-spacer\" data-id=\"4ee026f\" data-element_type=\"widget\" data-widget_type=\"spacer.default\">\n\t\t\t\t<div class=\"elementor-widget-container\">\n\t\t\t\t\t<div class=\"elementor-spacer\">\n\t\t\t<div class=\"elementor-spacer-inner\"><\/div>\n\t\t<\/div>\n\t\t\t\t<\/div>\n\t\t\t\t<\/div>\n\t\t\t\t<div class=\"elementor-element elementor-element-28b8f99 elementor-widget elementor-widget-heading\" data-id=\"28b8f99\" data-element_type=\"widget\" data-widget_type=\"heading.default\">\n\t\t\t\t<div class=\"elementor-widget-container\">\n\t\t\t<h2 class=\"elementor-heading-title elementor-size-xl\">Demandez votre eBook maintenant<\/h2>\t\t<\/div>\n\t\t\t\t<\/div>\n\t\t\t\t<div class=\"elementor-element elementor-element-a2f84a4 elementor-widget elementor-widget-spacer\" data-id=\"a2f84a4\" data-element_type=\"widget\" data-widget_type=\"spacer.default\">\n\t\t\t\t<div class=\"elementor-widget-container\">\n\t\t\t\t\t<div class=\"elementor-spacer\">\n\t\t\t<div class=\"elementor-spacer-inner\"><\/div>\n\t\t<\/div>\n\t\t\t\t<\/div>\n\t\t\t\t<\/div>\n\t\t\t\t<div class=\"elementor-element elementor-element-1c1f9a4 elementor-widget elementor-widget-everest-forms\" data-id=\"1c1f9a4\" data-element_type=\"widget\" data-widget_type=\"everest-forms.default\">\n\t\t\t\t<div class=\"elementor-widget-container\">\n\t\t\t\t\t\t<div class=\"everest-forms\"><div class=\"evf-container layout-two\" id=\"evf-512\"><form id=\"evf-form-512\" class=\"everest-form\" data-formid=\"512\" data-ajax_submission=\"0\" data-keyboard_friendly_form=\"0\" method=\"post\" enctype=\"multipart\/form-data\" action=\"\/fr\/wp-json\/wp\/v2\/pages\/511\" data-trp-original-action=\"\/fr\/wp-json\/wp\/v2\/pages\/511\"><div class=\"evf-field-container\"><input type=\"hidden\" id=\"_wpnonce512\" name=\"_wpnonce512\" value=\"524a4ff919\" \/><input type=\"hidden\" name=\"_wp_http_referer\" value=\"\/fr\/wp-json\/wp\/v2\/pages\/511\" \/><div class=\"evf-frontend-row\" data-row=\"row_4\" conditional_rules=\"[]\"><div class=\"evf-frontend-grid evf-grid-1\" data-grid=\"grid_1\"><div id=\"evf-512-field_0rRKcrjjLs-1-container\" class=\"evf-field evf-field-first-name form-row validate-required\" data-required-field-message=\"This field is required.\" data-field-id=\"0rRKcrjjLs-1\"><label class=\"evf-field-label evf-label-hide\" for=\"evf-512-field_0rRKcrjjLs-1\"><span class=\"evf-label\">Nom<\/span> <abbr class=\"required\" title=\"N\u00e9cessaire\">*<\/abbr><\/label><input type=\"text\" id=\"evf-512-field_0rRKcrjjLs-1\" class=\"input-text\" name=\"everest_forms[form_fields][0rRKcrjjLs-1]\" placeholder=\"Nom\" required><\/div><div id=\"evf-512-field_dGKmAhjyol-3-container\" class=\"evf-field evf-field-email form-row validate-required validate-email\" data-required-field-message=\"Please enter a valid email address.\" data-field-id=\"dGKmAhjyol-3\"><label class=\"evf-field-label evf-label-hide\" for=\"evf-512-field_dGKmAhjyol-3\"><span class=\"evf-label\">E-mail<\/span> <abbr class=\"required\" title=\"N\u00e9cessaire\">*<\/abbr><\/label><input type=\"email\" id=\"evf-512-field_dGKmAhjyol-3\" class=\"input-text\" name=\"everest_forms[form_fields][dGKmAhjyol-3]\" placeholder=\"E-mail\" required><\/div><div id=\"evf-512-field_QxFdPhC06p-2-container\" class=\"evf-field evf-field-last-name form-row\" data-field-id=\"QxFdPhC06p-2\"><label class=\"evf-field-label evf-label-hide\" for=\"evf-512-field_QxFdPhC06p-2\"><span class=\"evf-label\">Entreprise<\/span> <\/label><input type=\"text\" id=\"evf-512-field_QxFdPhC06p-2\" class=\"input-text\" name=\"everest_forms[form_fields][QxFdPhC06p-2]\" placeholder=\"Entreprise\" ><\/div><\/div><\/div><\/div><div class=\"evf-honeypot-container evf-field-hp\"><label for=\"evf-512-field-hp\" class=\"evf-field-label\">Message<\/label><input type=\"text\" name=\"everest_forms[hp]\" id=\"evf-512-field-hp\" class=\"input-text\"><\/div><div class=\"evf-submit-container\" ><input type=\"hidden\" name=\"everest_forms[id]\" value=\"512\"><input type=\"hidden\" name=\"everest_forms[author]\" value=\"4\"><button type='submit' name='everest_forms[submit]' class='everest-forms-submit-button button evf-submit' id='evf-submit-512' value='evf-submit' data-process-text=\"Processing\u2026\" conditional_rules='&quot;&quot;' conditional_id='evf-submit-512'  aria-live=\"assertive\">Soumettre<\/button><\/div><input type=\"hidden\" name=\"trp-form-language\" value=\"fr\"\/><\/form><\/div><!-- .evf-container --><\/div>\t\t\t\t<\/div>\n\t\t\t\t<\/div>\n\t\t\t\t<div class=\"elementor-element elementor-element-01d5371 elementor-widget elementor-widget-spacer\" data-id=\"01d5371\" data-element_type=\"widget\" data-widget_type=\"spacer.default\">\n\t\t\t\t<div class=\"elementor-widget-container\">\n\t\t\t\t\t<div class=\"elementor-spacer\">\n\t\t\t<div class=\"elementor-spacer-inner\"><\/div>\n\t\t<\/div>\n\t\t\t\t<\/div>\n\t\t\t\t<\/div>\n\t\t\t\t\t<\/div>\n\t\t<\/div>\n\t\t\t\t\t<\/div>\n\t\t<\/section>\n\t\t\t\t<\/div>","protected":false},"excerpt":{"rendered":"<p>Download the free eBook EFI for small UAV engines An easy tool to get started with electronic fuel injections for drones Learn the key insights about EFIs The basics to understand how an electronic fuel injection works, its main components, how to tune it and why it is a much better option than carburetors for &hellip;<\/p>\n<p class=\"read-more\"> <a class=\"\" href=\"https:\/\/www.loweheiser.com\/fr\/efi-ebook\/\"> <span class=\"screen-reader-text\">t\u00e9l\u00e9charger le livre \u00e9lectronique gratuit L\u00f6weheiser<\/span> Lire la suite\u00a0\u00bb<\/a><\/p>","protected":false},"author":4,"featured_media":0,"parent":0,"menu_order":0,"comment_status":"closed","ping_status":"closed","template":"","meta":{"site-sidebar-layout":"no-sidebar","site-content-layout":"page-builder","ast-global-header-display":"","ast-main-header-display":"","ast-hfb-above-header-display":"","ast-hfb-below-header-display":"","ast-hfb-mobile-header-display":"","site-post-title":"disabled","ast-breadcrumbs-content":"","ast-featured-img":"disabled","footer-sml-layout":"","theme-transparent-header-meta":"default","adv-header-id-meta":"","stick-header-meta":"default","header-above-stick-meta":"","header-main-stick-meta":"","header-below-stick-meta":"","footnotes":""},"class_list":["post-511","page","type-page","status-publish","hentry"],"yoast_head":"<!-- This site is optimized with the Yoast SEO plugin v22.7 - https:\/\/yoast.com\/wordpress\/plugins\/seo\/ -->\n<title>download L\u00f6weheiser free eBook - L\u00f6weheiser<\/title>\n<meta name=\"description\" content=\"Loweheiser UAV EFI systems and engineering services.\" \/>\n<meta name=\"robots\" content=\"index, follow, max-snippet:-1, max-image-preview:large, max-video-preview:-1\" \/>\n<link rel=\"canonical\" href=\"https:\/\/www.loweheiser.com\/fr\/efi-ebook\/\" \/>\n<meta property=\"og:locale\" content=\"fr_FR\" \/>\n<meta property=\"og:type\" content=\"article\" \/>\n<meta property=\"og:title\" content=\"download L\u00f6weheiser free eBook - L\u00f6weheiser\" \/>\n<meta property=\"og:description\" content=\"Loweheiser UAV EFI systems and engineering services.\" \/>\n<meta property=\"og:url\" content=\"https:\/\/www.loweheiser.com\/fr\/efi-ebook\/\" \/>\n<meta property=\"og:site_name\" content=\"L\u00f6weheiser\" \/>\n<meta property=\"article:publisher\" content=\"https:\/\/www.facebook.com\/Loweheiser-107929924278441\/\" \/>\n<meta property=\"article:modified_time\" content=\"2022-06-09T17:05:50+00:00\" \/>\n<meta property=\"og:image\" content=\"https:\/\/www.loweheiser.com\/wp-content\/uploads\/ebook-2-433x376.png\" \/>\n<meta name=\"twitter:card\" content=\"summary_large_image\" \/>\n<script type=\"application\/ld+json\" class=\"yoast-schema-graph\">{\"@context\":\"https:\/\/schema.org\",\"@graph\":[{\"@type\":\"WebPage\",\"@id\":\"https:\/\/www.loweheiser.com\/efi-ebook\/\",\"url\":\"https:\/\/www.loweheiser.com\/efi-ebook\/\",\"name\":\"download L\u00f6weheiser free eBook - L\u00f6weheiser\",\"isPartOf\":{\"@id\":\"https:\/\/www.loweheiser.com\/#website\"},\"primaryImageOfPage\":{\"@id\":\"https:\/\/www.loweheiser.com\/efi-ebook\/#primaryimage\"},\"image\":{\"@id\":\"https:\/\/www.loweheiser.com\/efi-ebook\/#primaryimage\"},\"thumbnailUrl\":\"https:\/\/www.loweheiser.com\/wp-content\/uploads\/ebook-2-433x376.png\",\"datePublished\":\"2022-06-09T16:58:16+00:00\",\"dateModified\":\"2022-06-09T17:05:50+00:00\",\"description\":\"Loweheiser UAV EFI systems and engineering services.\",\"breadcrumb\":{\"@id\":\"https:\/\/www.loweheiser.com\/efi-ebook\/#breadcrumb\"},\"inLanguage\":\"fr-FR\",\"potentialAction\":[{\"@type\":\"ReadAction\",\"target\":[\"https:\/\/www.loweheiser.com\/efi-ebook\/\"]}]},{\"@type\":\"ImageObject\",\"inLanguage\":\"fr-FR\",\"@id\":\"https:\/\/www.loweheiser.com\/efi-ebook\/#primaryimage\",\"url\":\"https:\/\/www.loweheiser.com\/wp-content\/uploads\/ebook-2-433x376.png\",\"contentUrl\":\"https:\/\/www.loweheiser.com\/wp-content\/uploads\/ebook-2-433x376.png\"},{\"@type\":\"BreadcrumbList\",\"@id\":\"https:\/\/www.loweheiser.com\/efi-ebook\/#breadcrumb\",\"itemListElement\":[{\"@type\":\"ListItem\",\"position\":1,\"name\":\"Home\",\"item\":\"https:\/\/www.loweheiser.com\/\"},{\"@type\":\"ListItem\",\"position\":2,\"name\":\"download L\u00f6weheiser free eBook\"}]},{\"@type\":\"WebSite\",\"@id\":\"https:\/\/www.loweheiser.com\/#website\",\"url\":\"https:\/\/www.loweheiser.com\/\",\"name\":\"L\u00f6weheiser\",\"description\":\"\",\"publisher\":{\"@id\":\"https:\/\/www.loweheiser.com\/#organization\"},\"potentialAction\":[{\"@type\":\"SearchAction\",\"target\":{\"@type\":\"EntryPoint\",\"urlTemplate\":\"https:\/\/www.loweheiser.com\/?s={search_term_string}\"},\"query-input\":\"required name=search_term_string\"}],\"inLanguage\":\"fr-FR\"},{\"@type\":\"Organization\",\"@id\":\"https:\/\/www.loweheiser.com\/#organization\",\"name\":\"L\u00f6weheiser\",\"url\":\"https:\/\/www.loweheiser.com\/\",\"logo\":{\"@type\":\"ImageObject\",\"inLanguage\":\"fr-FR\",\"@id\":\"https:\/\/www.loweheiser.com\/#\/schema\/logo\/image\/\",\"url\":\"https:\/\/www.loweheiser.com\/app\/uploads\/loweheiser-efis-logo.png\",\"contentUrl\":\"https:\/\/www.loweheiser.com\/app\/uploads\/loweheiser-efis-logo.png\",\"width\":347,\"height\":42,\"caption\":\"L\u00f6weheiser\"},\"image\":{\"@id\":\"https:\/\/www.loweheiser.com\/#\/schema\/logo\/image\/\"},\"sameAs\":[\"https:\/\/www.facebook.com\/Loweheiser-107929924278441\/\"]}]}<\/script>\n<!-- \/ Yoast SEO plugin. -->","yoast_head_json":{"title":"download L\u00f6weheiser free eBook - L\u00f6weheiser","description":"Loweheiser UAV EFI systems and engineering services.","robots":{"index":"index","follow":"follow","max-snippet":"max-snippet:-1","max-image-preview":"max-image-preview:large","max-video-preview":"max-video-preview:-1"},"canonical":"https:\/\/www.loweheiser.com\/fr\/efi-ebook\/","og_locale":"fr_FR","og_type":"article","og_title":"download L\u00f6weheiser free eBook - L\u00f6weheiser","og_description":"Loweheiser UAV EFI systems and engineering services.","og_url":"https:\/\/www.loweheiser.com\/fr\/efi-ebook\/","og_site_name":"L\u00f6weheiser","article_publisher":"https:\/\/www.facebook.com\/Loweheiser-107929924278441\/","article_modified_time":"2022-06-09T17:05:50+00:00","og_image":[{"url":"https:\/\/www.loweheiser.com\/wp-content\/uploads\/ebook-2-433x376.png"}],"twitter_card":"summary_large_image","schema":{"@context":"https:\/\/schema.org","@graph":[{"@type":"WebPage","@id":"https:\/\/www.loweheiser.com\/efi-ebook\/","url":"https:\/\/www.loweheiser.com\/efi-ebook\/","name":"download L\u00f6weheiser free eBook - L\u00f6weheiser","isPartOf":{"@id":"https:\/\/www.loweheiser.com\/#website"},"primaryImageOfPage":{"@id":"https:\/\/www.loweheiser.com\/efi-ebook\/#primaryimage"},"image":{"@id":"https:\/\/www.loweheiser.com\/efi-ebook\/#primaryimage"},"thumbnailUrl":"https:\/\/www.loweheiser.com\/wp-content\/uploads\/ebook-2-433x376.png","datePublished":"2022-06-09T16:58:16+00:00","dateModified":"2022-06-09T17:05:50+00:00","description":"Loweheiser UAV EFI systems and engineering services.","breadcrumb":{"@id":"https:\/\/www.loweheiser.com\/efi-ebook\/#breadcrumb"},"inLanguage":"fr-FR","potentialAction":[{"@type":"ReadAction","target":["https:\/\/www.loweheiser.com\/efi-ebook\/"]}]},{"@type":"ImageObject","inLanguage":"fr-FR","@id":"https:\/\/www.loweheiser.com\/efi-ebook\/#primaryimage","url":"https:\/\/www.loweheiser.com\/wp-content\/uploads\/ebook-2-433x376.png","contentUrl":"https:\/\/www.loweheiser.com\/wp-content\/uploads\/ebook-2-433x376.png"},{"@type":"BreadcrumbList","@id":"https:\/\/www.loweheiser.com\/efi-ebook\/#breadcrumb","itemListElement":[{"@type":"ListItem","position":1,"name":"Home","item":"https:\/\/www.loweheiser.com\/"},{"@type":"ListItem","position":2,"name":"download L\u00f6weheiser free eBook"}]},{"@type":"WebSite","@id":"https:\/\/www.loweheiser.com\/#website","url":"https:\/\/www.loweheiser.com\/","name":"L\u00f6weheiser","description":"","publisher":{"@id":"https:\/\/www.loweheiser.com\/#organization"},"potentialAction":[{"@type":"SearchAction","target":{"@type":"EntryPoint","urlTemplate":"https:\/\/www.loweheiser.com\/?s={search_term_string}"},"query-input":"required name=search_term_string"}],"inLanguage":"fr-FR"},{"@type":"Organization","@id":"https:\/\/www.loweheiser.com\/#organization","name":"L\u00f6weheiser","url":"https:\/\/www.loweheiser.com\/","logo":{"@type":"ImageObject","inLanguage":"fr-FR","@id":"https:\/\/www.loweheiser.com\/#\/schema\/logo\/image\/","url":"https:\/\/www.loweheiser.com\/app\/uploads\/loweheiser-efis-logo.png","contentUrl":"https:\/\/www.loweheiser.com\/app\/uploads\/loweheiser-efis-logo.png","width":347,"height":42,"caption":"L\u00f6weheiser"},"image":{"@id":"https:\/\/www.loweheiser.com\/#\/schema\/logo\/image\/"},"sameAs":["https:\/\/www.facebook.com\/Loweheiser-107929924278441\/"]}]}},"_links":{"self":[{"href":"https:\/\/www.loweheiser.com\/fr\/wp-json\/wp\/v2\/pages\/511","targetHints":{"allow":["GET"]}}],"collection":[{"href":"https:\/\/www.loweheiser.com\/fr\/wp-json\/wp\/v2\/pages"}],"about":[{"href":"https:\/\/www.loweheiser.com\/fr\/wp-json\/wp\/v2\/types\/page"}],"author":[{"embeddable":true,"href":"https:\/\/www.loweheiser.com\/fr\/wp-json\/wp\/v2\/users\/4"}],"replies":[{"embeddable":true,"href":"https:\/\/www.loweheiser.com\/fr\/wp-json\/wp\/v2\/comments?post=511"}],"version-history":[{"count":0,"href":"https:\/\/www.loweheiser.com\/fr\/wp-json\/wp\/v2\/pages\/511\/revisions"}],"wp:attachment":[{"href":"https:\/\/www.loweheiser.com\/fr\/wp-json\/wp\/v2\/media?parent=511"}],"curies":[{"name":"wp","href":"https:\/\/api.w.org\/{rel}","templated":true}]}}