{"id":310,"date":"2022-01-29T16:02:02","date_gmt":"2022-01-29T16:02:02","guid":{"rendered":"https:\/\/www.loweheiser.com\/?page_id=310"},"modified":"2025-03-26T12:42:27","modified_gmt":"2025-03-26T12:42:27","slug":"about-us","status":"publish","type":"page","link":"https:\/\/www.loweheiser.com\/de\/uber-uns\/","title":{"rendered":"\u00dcber uns"},"content":{"rendered":"<div data-elementor-type=\"wp-page\" data-elementor-id=\"310\" class=\"elementor elementor-310\">\n\t\t\t\t\t\t<section class=\"elementor-section elementor-top-section elementor-element elementor-element-8468acd elementor-section-boxed elementor-section-height-default elementor-section-height-default\" data-id=\"8468acd\" data-element_type=\"section\">\n\t\t\t\t\t\t<div class=\"elementor-container elementor-column-gap-default\">\n\t\t\t\t\t<div class=\"elementor-column elementor-col-100 elementor-top-column elementor-element elementor-element-0409eec\" data-id=\"0409eec\" data-element_type=\"column\">\n\t\t\t<div class=\"elementor-widget-wrap elementor-element-populated\">\n\t\t\t\t\t\t<div class=\"elementor-element elementor-element-c31d6e3 elementor-widget elementor-widget-spacer\" data-id=\"c31d6e3\" data-element_type=\"widget\" data-widget_type=\"spacer.default\">\n\t\t\t\t<div class=\"elementor-widget-container\">\n\t\t\t\t\t<div class=\"elementor-spacer\">\n\t\t\t<div class=\"elementor-spacer-inner\"><\/div>\n\t\t<\/div>\n\t\t\t\t<\/div>\n\t\t\t\t<\/div>\n\t\t\t\t<div class=\"elementor-element elementor-element-4dc0469 elementor-widget elementor-widget-heading\" data-id=\"4dc0469\" data-element_type=\"widget\" data-widget_type=\"heading.default\">\n\t\t\t\t<div class=\"elementor-widget-container\">\n\t\t\t<h2 class=\"elementor-heading-title elementor-size-xl\">\u00dcber uns<\/h2>\t\t<\/div>\n\t\t\t\t<\/div>\n\t\t\t\t<div class=\"elementor-element elementor-element-fafc25a elementor-widget elementor-widget-spacer\" data-id=\"fafc25a\" data-element_type=\"widget\" data-widget_type=\"spacer.default\">\n\t\t\t\t<div class=\"elementor-widget-container\">\n\t\t\t\t\t<div class=\"elementor-spacer\">\n\t\t\t<div class=\"elementor-spacer-inner\"><\/div>\n\t\t<\/div>\n\t\t\t\t<\/div>\n\t\t\t\t<\/div>\n\t\t\t\t\t<\/div>\n\t\t<\/div>\n\t\t\t\t\t<\/div>\n\t\t<\/section>\n\t\t\t\t<section class=\"elementor-section elementor-top-section elementor-element elementor-element-3e8a8b9 elementor-section-boxed elementor-section-height-default elementor-section-height-default\" data-id=\"3e8a8b9\" data-element_type=\"section\">\n\t\t\t\t\t\t<div class=\"elementor-container elementor-column-gap-default\">\n\t\t\t\t\t<div class=\"elementor-column elementor-col-50 elementor-top-column elementor-element elementor-element-a8c95e7\" data-id=\"a8c95e7\" data-element_type=\"column\">\n\t\t\t<div class=\"elementor-widget-wrap elementor-element-populated\">\n\t\t\t\t\t\t<div class=\"elementor-element elementor-element-5ae784e elementor-widget elementor-widget-text-editor\" data-id=\"5ae784e\" data-element_type=\"widget\" data-widget_type=\"text-editor.default\">\n\t\t\t\t<div class=\"elementor-widget-container\">\n\t\t\t\t\t\t\t<p>Das technische Team von L\u00f6weheiser verf\u00fcgt \u00fcber mehr als 20 Jahre Erfahrung in der Arbeit mit EFI-Systemen. Ein umfassendes Know-how in Bezug auf alle Aspekte des Kraftstoffeinspritzprozesses erm\u00f6glicht es uns, die kleinsten und leichtesten EFI-Kits in der UAV-Branche zu entwickeln. Unsere Produkte k\u00f6nnen von Kunden mit Grundkenntnissen erfolgreich in Motoren von 10 bis 500 ccm eingebaut werden.<\/p><p>\u00a0<\/p>\t\t\t\t\t\t<\/div>\n\t\t\t\t<\/div>\n\t\t\t\t\t<\/div>\n\t\t<\/div>\n\t\t\t\t<div class=\"elementor-column elementor-col-50 elementor-top-column elementor-element elementor-element-9f32e0b\" data-id=\"9f32e0b\" data-element_type=\"column\">\n\t\t\t<div class=\"elementor-widget-wrap elementor-element-populated\">\n\t\t\t\t\t\t<div class=\"elementor-element elementor-element-cce6d37 elementor-widget elementor-widget-text-editor\" data-id=\"cce6d37\" data-element_type=\"widget\" data-widget_type=\"text-editor.default\">\n\t\t\t\t<div class=\"elementor-widget-container\">\n\t\t\t\t\t\t\t<p>Mit Niederlassungen in Europa und Asien unterst\u00fctzt L\u00f6weheiser technische Teams auf der ganzen Welt und hilft ihnen, die Leistung und Zuverl\u00e4ssigkeit ihrer Flugzeuge unter allen m\u00f6glichen klimatischen Bedingungen zu verbessern. Ob Sie nun nur ein Kraftstoffeinspritzkit liefern oder an der Integration und Feinabstimmung des gesamten Systems beteiligt sind: L\u00f6weheiser ist der richtige Partner, um das Beste aus Ihrem UAV-Motor herauszuholen.\u00a0<\/p>\t\t\t\t\t\t<\/div>\n\t\t\t\t<\/div>\n\t\t\t\t\t<\/div>\n\t\t<\/div>\n\t\t\t\t\t<\/div>\n\t\t<\/section>\n\t\t\t\t<section class=\"elementor-section elementor-top-section elementor-element elementor-element-8a96447 elementor-section-boxed elementor-section-height-default elementor-section-height-default\" data-id=\"8a96447\" data-element_type=\"section\">\n\t\t\t\t\t\t<div class=\"elementor-container elementor-column-gap-default\">\n\t\t\t\t\t<div class=\"elementor-column elementor-col-100 elementor-top-column elementor-element elementor-element-382d481\" data-id=\"382d481\" data-element_type=\"column\">\n\t\t\t<div class=\"elementor-widget-wrap elementor-element-populated\">\n\t\t\t\t\t\t<div class=\"elementor-element elementor-element-db71ead elementor-widget elementor-widget-image\" data-id=\"db71ead\" data-element_type=\"widget\" data-widget_type=\"image.default\">\n\t\t\t\t<div class=\"elementor-widget-container\">\n\t\t\t\t\t\t\t\t\t\t\t\t\t<img decoding=\"async\" src=\"https:\/\/www.loweheiser.com\/wp-content\/uploads\/elementor\/thumbs\/92e2079e-347c-45d7-9724-5d487e8a65aa-scaled-r3ff1b3qmbz4jmtk3fa3kwipwxmqe8klqrwv4ftzt2.jpg\" title=\"92e2079e-347c-45d7-9724-5d487e8a65aa\" alt=\"\" loading=\"lazy\" \/>\t\t\t\t\t\t\t\t\t\t\t\t\t<\/div>\n\t\t\t\t<\/div>\n\t\t\t\t<div class=\"elementor-element elementor-element-810d96f elementor-widget elementor-widget-image\" data-id=\"810d96f\" data-element_type=\"widget\" data-widget_type=\"image.default\">\n\t\t\t\t<div class=\"elementor-widget-container\">\n\t\t\t\t\t\t\t\t\t\t\t\t\t<img decoding=\"async\" src=\"https:\/\/www.loweheiser.com\/wp-content\/uploads\/elementor\/thumbs\/MVVS350-r3ffshlq8v6m9pc8do8q6jlkb1ntz5h6hb1bphj5vq.jpg\" title=\"MVVS350\" alt=\"\" loading=\"lazy\" \/>\t\t\t\t\t\t\t\t\t\t\t\t\t<\/div>\n\t\t\t\t<\/div>\n\t\t\t\t<div class=\"elementor-element elementor-element-4726fb9 elementor-widget elementor-widget-spacer\" data-id=\"4726fb9\" data-element_type=\"widget\" data-widget_type=\"spacer.default\">\n\t\t\t\t<div class=\"elementor-widget-container\">\n\t\t\t\t\t<div class=\"elementor-spacer\">\n\t\t\t<div class=\"elementor-spacer-inner\"><\/div>\n\t\t<\/div>\n\t\t\t\t<\/div>\n\t\t\t\t<\/div>\n\t\t\t\t\t<\/div>\n\t\t<\/div>\n\t\t\t\t\t<\/div>\n\t\t<\/section>\n\t\t\t\t<\/div>","protected":false},"excerpt":{"rendered":"<p>About us L\u00f6weheiser technical team has over 20 years of experience working with EFI systems. A deep know-how regarding all the aspects involved in the fuel injection process allows us to develop the smallest and lightest EFI kits in the UAV industry. Our products can be successfully installed in engines from 10 to 500 cc &hellip;<\/p>\n<p class=\"read-more\"> <a class=\"\" href=\"https:\/\/www.loweheiser.com\/de\/uber-uns\/\"> <span class=\"screen-reader-text\">\u00dcber uns<\/span> Weiterlesen &raquo;<\/a><\/p>","protected":false},"author":4,"featured_media":0,"parent":0,"menu_order":0,"comment_status":"closed","ping_status":"closed","template":"","meta":{"site-sidebar-layout":"default","site-content-layout":"default","ast-global-header-display":"","ast-main-header-display":"","ast-hfb-above-header-display":"","ast-hfb-below-header-display":"","ast-hfb-mobile-header-display":"","site-post-title":"disabled","ast-breadcrumbs-content":"","ast-featured-img":"disabled","footer-sml-layout":"","theme-transparent-header-meta":"default","adv-header-id-meta":"","stick-header-meta":"default","header-above-stick-meta":"","header-main-stick-meta":"","header-below-stick-meta":"","footnotes":""},"class_list":["post-310","page","type-page","status-publish","hentry"],"yoast_head":"<!-- This site is optimized with the Yoast SEO plugin v22.7 - https:\/\/yoast.com\/wordpress\/plugins\/seo\/ -->\n<title>About us - L\u00f6weheiser<\/title>\n<meta name=\"description\" content=\"Loweheiser UAV EFI systems and engineering services.\" \/>\n<meta name=\"robots\" content=\"index, follow, max-snippet:-1, max-image-preview:large, max-video-preview:-1\" \/>\n<link rel=\"canonical\" href=\"https:\/\/www.loweheiser.com\/de\/uber-uns\/\" \/>\n<meta property=\"og:locale\" content=\"de_DE\" \/>\n<meta property=\"og:type\" content=\"article\" \/>\n<meta property=\"og:title\" content=\"About us - L\u00f6weheiser\" \/>\n<meta property=\"og:description\" content=\"Loweheiser UAV EFI systems and engineering services.\" \/>\n<meta property=\"og:url\" content=\"https:\/\/www.loweheiser.com\/de\/uber-uns\/\" \/>\n<meta property=\"og:site_name\" content=\"L\u00f6weheiser\" \/>\n<meta property=\"article:publisher\" content=\"https:\/\/www.facebook.com\/Loweheiser-107929924278441\/\" \/>\n<meta property=\"article:modified_time\" content=\"2025-03-26T12:42:27+00:00\" \/>\n<meta property=\"og:image\" content=\"https:\/\/www.loweheiser.com\/wp-content\/uploads\/elementor\/thumbs\/92e2079e-347c-45d7-9724-5d487e8a65aa-scaled-r3ff1b3qmbz4jmtk3fa3kwipwxmqe8klqrwv4ftztc.jpg\" \/>\n<meta name=\"twitter:card\" content=\"summary_large_image\" \/>\n<meta name=\"twitter:label1\" content=\"Gesch\u00e4tzte Lesezeit\" \/>\n\t<meta name=\"twitter:data1\" content=\"1\u00a0Minute\" \/>\n<script type=\"application\/ld+json\" class=\"yoast-schema-graph\">{\"@context\":\"https:\/\/schema.org\",\"@graph\":[{\"@type\":\"WebPage\",\"@id\":\"https:\/\/www.loweheiser.com\/about-us\/\",\"url\":\"https:\/\/www.loweheiser.com\/about-us\/\",\"name\":\"About us - L\u00f6weheiser\",\"isPartOf\":{\"@id\":\"https:\/\/www.loweheiser.com\/#website\"},\"primaryImageOfPage\":{\"@id\":\"https:\/\/www.loweheiser.com\/about-us\/#primaryimage\"},\"image\":{\"@id\":\"https:\/\/www.loweheiser.com\/about-us\/#primaryimage\"},\"thumbnailUrl\":\"https:\/\/www.loweheiser.com\/wp-content\/uploads\/elementor\/thumbs\/92e2079e-347c-45d7-9724-5d487e8a65aa-scaled-r3ff1b3qmbz4jmtk3fa3kwipwxmqe8klqrwv4ftztc.jpg\",\"datePublished\":\"2022-01-29T16:02:02+00:00\",\"dateModified\":\"2025-03-26T12:42:27+00:00\",\"description\":\"Loweheiser UAV EFI systems and engineering services.\",\"breadcrumb\":{\"@id\":\"https:\/\/www.loweheiser.com\/about-us\/#breadcrumb\"},\"inLanguage\":\"de\",\"potentialAction\":[{\"@type\":\"ReadAction\",\"target\":[\"https:\/\/www.loweheiser.com\/about-us\/\"]}]},{\"@type\":\"ImageObject\",\"inLanguage\":\"de\",\"@id\":\"https:\/\/www.loweheiser.com\/about-us\/#primaryimage\",\"url\":\"https:\/\/www.loweheiser.com\/wp-content\/uploads\/elementor\/thumbs\/92e2079e-347c-45d7-9724-5d487e8a65aa-scaled-r3ff1b3qmbz4jmtk3fa3kwipwxmqe8klqrwv4ftztc.jpg\",\"contentUrl\":\"https:\/\/www.loweheiser.com\/wp-content\/uploads\/elementor\/thumbs\/92e2079e-347c-45d7-9724-5d487e8a65aa-scaled-r3ff1b3qmbz4jmtk3fa3kwipwxmqe8klqrwv4ftztc.jpg\"},{\"@type\":\"BreadcrumbList\",\"@id\":\"https:\/\/www.loweheiser.com\/about-us\/#breadcrumb\",\"itemListElement\":[{\"@type\":\"ListItem\",\"position\":1,\"name\":\"Home\",\"item\":\"https:\/\/www.loweheiser.com\/\"},{\"@type\":\"ListItem\",\"position\":2,\"name\":\"About us\"}]},{\"@type\":\"WebSite\",\"@id\":\"https:\/\/www.loweheiser.com\/#website\",\"url\":\"https:\/\/www.loweheiser.com\/\",\"name\":\"L\u00f6weheiser\",\"description\":\"\",\"publisher\":{\"@id\":\"https:\/\/www.loweheiser.com\/#organization\"},\"potentialAction\":[{\"@type\":\"SearchAction\",\"target\":{\"@type\":\"EntryPoint\",\"urlTemplate\":\"https:\/\/www.loweheiser.com\/?s={search_term_string}\"},\"query-input\":\"required name=search_term_string\"}],\"inLanguage\":\"de\"},{\"@type\":\"Organization\",\"@id\":\"https:\/\/www.loweheiser.com\/#organization\",\"name\":\"L\u00f6weheiser\",\"url\":\"https:\/\/www.loweheiser.com\/\",\"logo\":{\"@type\":\"ImageObject\",\"inLanguage\":\"de\",\"@id\":\"https:\/\/www.loweheiser.com\/#\/schema\/logo\/image\/\",\"url\":\"https:\/\/www.loweheiser.com\/app\/uploads\/loweheiser-efis-logo.png\",\"contentUrl\":\"https:\/\/www.loweheiser.com\/app\/uploads\/loweheiser-efis-logo.png\",\"width\":347,\"height\":42,\"caption\":\"L\u00f6weheiser\"},\"image\":{\"@id\":\"https:\/\/www.loweheiser.com\/#\/schema\/logo\/image\/\"},\"sameAs\":[\"https:\/\/www.facebook.com\/Loweheiser-107929924278441\/\"]}]}<\/script>\n<!-- \/ Yoast SEO plugin. -->","yoast_head_json":{"title":"About us - L\u00f6weheiser","description":"Loweheiser UAV EFI systems and engineering services.","robots":{"index":"index","follow":"follow","max-snippet":"max-snippet:-1","max-image-preview":"max-image-preview:large","max-video-preview":"max-video-preview:-1"},"canonical":"https:\/\/www.loweheiser.com\/de\/uber-uns\/","og_locale":"de_DE","og_type":"article","og_title":"About us - L\u00f6weheiser","og_description":"Loweheiser UAV EFI systems and engineering services.","og_url":"https:\/\/www.loweheiser.com\/de\/uber-uns\/","og_site_name":"L\u00f6weheiser","article_publisher":"https:\/\/www.facebook.com\/Loweheiser-107929924278441\/","article_modified_time":"2025-03-26T12:42:27+00:00","og_image":[{"url":"https:\/\/www.loweheiser.com\/wp-content\/uploads\/elementor\/thumbs\/92e2079e-347c-45d7-9724-5d487e8a65aa-scaled-r3ff1b3qmbz4jmtk3fa3kwipwxmqe8klqrwv4ftztc.jpg"}],"twitter_card":"summary_large_image","twitter_misc":{"Gesch\u00e4tzte Lesezeit":"1\u00a0Minute"},"schema":{"@context":"https:\/\/schema.org","@graph":[{"@type":"WebPage","@id":"https:\/\/www.loweheiser.com\/about-us\/","url":"https:\/\/www.loweheiser.com\/about-us\/","name":"About us - L\u00f6weheiser","isPartOf":{"@id":"https:\/\/www.loweheiser.com\/#website"},"primaryImageOfPage":{"@id":"https:\/\/www.loweheiser.com\/about-us\/#primaryimage"},"image":{"@id":"https:\/\/www.loweheiser.com\/about-us\/#primaryimage"},"thumbnailUrl":"https:\/\/www.loweheiser.com\/wp-content\/uploads\/elementor\/thumbs\/92e2079e-347c-45d7-9724-5d487e8a65aa-scaled-r3ff1b3qmbz4jmtk3fa3kwipwxmqe8klqrwv4ftztc.jpg","datePublished":"2022-01-29T16:02:02+00:00","dateModified":"2025-03-26T12:42:27+00:00","description":"Loweheiser UAV EFI systems and engineering services.","breadcrumb":{"@id":"https:\/\/www.loweheiser.com\/about-us\/#breadcrumb"},"inLanguage":"de","potentialAction":[{"@type":"ReadAction","target":["https:\/\/www.loweheiser.com\/about-us\/"]}]},{"@type":"ImageObject","inLanguage":"de","@id":"https:\/\/www.loweheiser.com\/about-us\/#primaryimage","url":"https:\/\/www.loweheiser.com\/wp-content\/uploads\/elementor\/thumbs\/92e2079e-347c-45d7-9724-5d487e8a65aa-scaled-r3ff1b3qmbz4jmtk3fa3kwipwxmqe8klqrwv4ftztc.jpg","contentUrl":"https:\/\/www.loweheiser.com\/wp-content\/uploads\/elementor\/thumbs\/92e2079e-347c-45d7-9724-5d487e8a65aa-scaled-r3ff1b3qmbz4jmtk3fa3kwipwxmqe8klqrwv4ftztc.jpg"},{"@type":"BreadcrumbList","@id":"https:\/\/www.loweheiser.com\/about-us\/#breadcrumb","itemListElement":[{"@type":"ListItem","position":1,"name":"Home","item":"https:\/\/www.loweheiser.com\/"},{"@type":"ListItem","position":2,"name":"About us"}]},{"@type":"WebSite","@id":"https:\/\/www.loweheiser.com\/#website","url":"https:\/\/www.loweheiser.com\/","name":"L\u00f6weheiser","description":"","publisher":{"@id":"https:\/\/www.loweheiser.com\/#organization"},"potentialAction":[{"@type":"SearchAction","target":{"@type":"EntryPoint","urlTemplate":"https:\/\/www.loweheiser.com\/?s={search_term_string}"},"query-input":"required name=search_term_string"}],"inLanguage":"de"},{"@type":"Organization","@id":"https:\/\/www.loweheiser.com\/#organization","name":"L\u00f6weheiser","url":"https:\/\/www.loweheiser.com\/","logo":{"@type":"ImageObject","inLanguage":"de","@id":"https:\/\/www.loweheiser.com\/#\/schema\/logo\/image\/","url":"https:\/\/www.loweheiser.com\/app\/uploads\/loweheiser-efis-logo.png","contentUrl":"https:\/\/www.loweheiser.com\/app\/uploads\/loweheiser-efis-logo.png","width":347,"height":42,"caption":"L\u00f6weheiser"},"image":{"@id":"https:\/\/www.loweheiser.com\/#\/schema\/logo\/image\/"},"sameAs":["https:\/\/www.facebook.com\/Loweheiser-107929924278441\/"]}]}},"_links":{"self":[{"href":"https:\/\/www.loweheiser.com\/de\/wp-json\/wp\/v2\/pages\/310","targetHints":{"allow":["GET"]}}],"collection":[{"href":"https:\/\/www.loweheiser.com\/de\/wp-json\/wp\/v2\/pages"}],"about":[{"href":"https:\/\/www.loweheiser.com\/de\/wp-json\/wp\/v2\/types\/page"}],"author":[{"embeddable":true,"href":"https:\/\/www.loweheiser.com\/de\/wp-json\/wp\/v2\/users\/4"}],"replies":[{"embeddable":true,"href":"https:\/\/www.loweheiser.com\/de\/wp-json\/wp\/v2\/comments?post=310"}],"version-history":[{"count":0,"href":"https:\/\/www.loweheiser.com\/de\/wp-json\/wp\/v2\/pages\/310\/revisions"}],"wp:attachment":[{"href":"https:\/\/www.loweheiser.com\/de\/wp-json\/wp\/v2\/media?parent=310"}],"curies":[{"name":"wp","href":"https:\/\/api.w.org\/{rel}","templated":true}]}}